{"id":26,"date":"2019-08-18T09:17:50","date_gmt":"2019-08-18T09:17:50","guid":{"rendered":"https:\/\/franznachhilfe.ch\/?page_id=26"},"modified":"2019-10-08T08:30:18","modified_gmt":"2019-10-08T08:30:18","slug":"startseite","status":"publish","type":"page","link":"https:\/\/franznachhilfe.ch\/","title":{"rendered":"Startseite"},"content":{"rendered":"<div class=\"col-md-5\">\n<h3>\u00dcber uns &#8211; was unsere Sprachschule ausmacht<\/h3>\n<p>Nachhilfe in Franz\u00f6sisch bedeutet f\u00fcr mich nicht einfach nur die aktuellen L\u00fccken zu \u00fcberbr\u00fccken, sondern das Sprachwissen auf ein solides Fundament zu stellen das auch sp\u00e4ter noch in jeder Situation Sicherheit bietet. Daf\u00fcr ist ein professionell und pers\u00f6nlich gestalteter Unterricht die ideale Voraussetzung. Das garantiert einen nachhaltigen Lerneffekt und Freude beim Sprachenlernen.<\/p>\n<\/div>\n<div class=\"col-md-5\"><\/div>\n","protected":false},"excerpt":{"rendered":"<p>\u00dcber uns &#8211; was unsere Sprachschule ausmacht Nachhilfe in Franz\u00f6sisch bedeutet f\u00fcr mich nicht einfach nur die aktuellen L\u00fccken zu \u00fcberbr\u00fccken, sondern das Sprachwissen auf ein solides Fundament zu stellen das auch sp\u00e4ter noch in jeder Situation Sicherheit bietet. Daf\u00fcr ist ein professionell und pers\u00f6nlich gestalteter Unterricht die ideale Voraussetzung. [&hellip;]<\/p>\n","protected":false},"author":1,"featured_media":42,"parent":0,"menu_order":0,"comment_status":"closed","ping_status":"closed","template":"","meta":[],"yoast_head":"<!-- This site is optimized with the Yoast SEO plugin v17.2.1 - https:\/\/yoast.com\/wordpress\/plugins\/seo\/ -->\n<title>Startseite - Nachhilfe Franz\u00f6sisch<\/title>\n<meta name=\"robots\" content=\"index, follow, max-snippet:-1, max-image-preview:large, max-video-preview:-1\" \/>\n<link rel=\"canonical\" href=\"https:\/\/franznachhilfe.ch\/\" \/>\n<meta property=\"og:locale\" content=\"de_DE\" \/>\n<meta property=\"og:type\" content=\"article\" \/>\n<meta property=\"og:title\" content=\"Startseite - Nachhilfe Franz\u00f6sisch\" \/>\n<meta property=\"og:description\" content=\"\u00dcber uns &#8211; was unsere Sprachschule ausmacht Nachhilfe in Franz\u00f6sisch bedeutet f\u00fcr mich nicht einfach nur die aktuellen L\u00fccken zu \u00fcberbr\u00fccken, sondern das Sprachwissen auf ein solides Fundament zu stellen das auch sp\u00e4ter noch in jeder Situation Sicherheit bietet. Daf\u00fcr ist ein professionell und pers\u00f6nlich gestalteter Unterricht die ideale Voraussetzung. [&hellip;]\" \/>\n<meta property=\"og:url\" content=\"https:\/\/franznachhilfe.ch\/\" \/>\n<meta property=\"og:site_name\" content=\"Nachhilfe Franz\u00f6sisch\" \/>\n<meta property=\"article:modified_time\" content=\"2019-10-08T08:30:18+00:00\" \/>\n<meta property=\"og:image\" content=\"https:\/\/franznachhilfe.ch\/wp-content\/uploads\/2019\/08\/paris.jpg\" \/>\n\t<meta property=\"og:image:width\" content=\"860\" \/>\n\t<meta property=\"og:image:height\" content=\"438\" \/>\n<meta name=\"twitter:card\" content=\"summary_large_image\" \/>\n<script type=\"application\/ld+json\" class=\"yoast-schema-graph\">{\"@context\":\"https:\/\/schema.org\",\"@graph\":[{\"@type\":\"Organization\",\"@id\":\"https:\/\/franznachhilfe.ch\/#organization\",\"name\":\"Franznachhilfe | Pers\\u00f6nlich, Nah, Nachhaltig\",\"url\":\"https:\/\/franznachhilfe.ch\/\",\"sameAs\":[],\"logo\":{\"@type\":\"ImageObject\",\"@id\":\"https:\/\/franznachhilfe.ch\/#logo\",\"inLanguage\":\"de-CH\",\"url\":\"https:\/\/franznachhilfe.ch\/wp-content\/uploads\/2019\/08\/language-school-834138_960_720.jpg\",\"contentUrl\":\"https:\/\/franznachhilfe.ch\/wp-content\/uploads\/2019\/08\/language-school-834138_960_720.jpg\",\"width\":960,\"height\":640,\"caption\":\"Franznachhilfe | Pers\\u00f6nlich, Nah, Nachhaltig\"},\"image\":{\"@id\":\"https:\/\/franznachhilfe.ch\/#logo\"}},{\"@type\":\"WebSite\",\"@id\":\"https:\/\/franznachhilfe.ch\/#website\",\"url\":\"https:\/\/franznachhilfe.ch\/\",\"name\":\"Nachhilfe Franz\\u00f6sisch\",\"description\":\"Pers\\u00f6nlich | Nah | Nachhaltig\",\"publisher\":{\"@id\":\"https:\/\/franznachhilfe.ch\/#organization\"},\"potentialAction\":[{\"@type\":\"SearchAction\",\"target\":{\"@type\":\"EntryPoint\",\"urlTemplate\":\"https:\/\/franznachhilfe.ch\/?s={search_term_string}\"},\"query-input\":\"required name=search_term_string\"}],\"inLanguage\":\"de-CH\"},{\"@type\":\"ImageObject\",\"@id\":\"https:\/\/franznachhilfe.ch\/#primaryimage\",\"inLanguage\":\"de-CH\",\"url\":\"https:\/\/franznachhilfe.ch\/wp-content\/uploads\/2019\/08\/paris.jpg\",\"contentUrl\":\"https:\/\/franznachhilfe.ch\/wp-content\/uploads\/2019\/08\/paris.jpg\",\"width\":860,\"height\":438,\"caption\":\"small paris street with view on the famous paris eifel tower on a cloudy rainy day with some sunshine\"},{\"@type\":\"WebPage\",\"@id\":\"https:\/\/franznachhilfe.ch\/#webpage\",\"url\":\"https:\/\/franznachhilfe.ch\/\",\"name\":\"Startseite - Nachhilfe Franz\\u00f6sisch\",\"isPartOf\":{\"@id\":\"https:\/\/franznachhilfe.ch\/#website\"},\"primaryImageOfPage\":{\"@id\":\"https:\/\/franznachhilfe.ch\/#primaryimage\"},\"datePublished\":\"2019-08-18T09:17:50+00:00\",\"dateModified\":\"2019-10-08T08:30:18+00:00\",\"breadcrumb\":{\"@id\":\"https:\/\/franznachhilfe.ch\/#breadcrumb\"},\"inLanguage\":\"de-CH\",\"potentialAction\":[{\"@type\":\"ReadAction\",\"target\":[\"https:\/\/franznachhilfe.ch\/\"]}]},{\"@type\":\"BreadcrumbList\",\"@id\":\"https:\/\/franznachhilfe.ch\/#breadcrumb\",\"itemListElement\":[{\"@type\":\"ListItem\",\"position\":1,\"name\":\"Home\",\"item\":\"https:\/\/franznachhilfe.ch\/\"},{\"@type\":\"ListItem\",\"position\":2,\"name\":\"Startseite\"}]}]}<\/script>\n<!-- \/ Yoast SEO plugin. -->","yoast_head_json":{"title":"Startseite - Nachhilfe Franz\u00f6sisch","robots":{"index":"index","follow":"follow","max-snippet":"max-snippet:-1","max-image-preview":"max-image-preview:large","max-video-preview":"max-video-preview:-1"},"canonical":"https:\/\/franznachhilfe.ch\/","og_locale":"de_DE","og_type":"article","og_title":"Startseite - Nachhilfe Franz\u00f6sisch","og_description":"\u00dcber uns &#8211; was unsere Sprachschule ausmacht Nachhilfe in Franz\u00f6sisch bedeutet f\u00fcr mich nicht einfach nur die aktuellen L\u00fccken zu \u00fcberbr\u00fccken, sondern das Sprachwissen auf ein solides Fundament zu stellen das auch sp\u00e4ter noch in jeder Situation Sicherheit bietet. Daf\u00fcr ist ein professionell und pers\u00f6nlich gestalteter Unterricht die ideale Voraussetzung. [&hellip;]","og_url":"https:\/\/franznachhilfe.ch\/","og_site_name":"Nachhilfe Franz\u00f6sisch","article_modified_time":"2019-10-08T08:30:18+00:00","og_image":[{"width":860,"height":438,"url":"https:\/\/franznachhilfe.ch\/wp-content\/uploads\/2019\/08\/paris.jpg","path":"\/home\/httpd\/vhosts\/siefert.li\/franznachhilfe.ch\/wp-content\/uploads\/2019\/08\/paris.jpg","size":"full","id":42,"alt":"","pixels":376680,"type":"image\/jpeg"}],"twitter_card":"summary_large_image","schema":{"@context":"https:\/\/schema.org","@graph":[{"@type":"Organization","@id":"https:\/\/franznachhilfe.ch\/#organization","name":"Franznachhilfe | Pers\u00f6nlich, Nah, Nachhaltig","url":"https:\/\/franznachhilfe.ch\/","sameAs":[],"logo":{"@type":"ImageObject","@id":"https:\/\/franznachhilfe.ch\/#logo","inLanguage":"de-CH","url":"https:\/\/franznachhilfe.ch\/wp-content\/uploads\/2019\/08\/language-school-834138_960_720.jpg","contentUrl":"https:\/\/franznachhilfe.ch\/wp-content\/uploads\/2019\/08\/language-school-834138_960_720.jpg","width":960,"height":640,"caption":"Franznachhilfe | Pers\u00f6nlich, Nah, Nachhaltig"},"image":{"@id":"https:\/\/franznachhilfe.ch\/#logo"}},{"@type":"WebSite","@id":"https:\/\/franznachhilfe.ch\/#website","url":"https:\/\/franznachhilfe.ch\/","name":"Nachhilfe Franz\u00f6sisch","description":"Pers\u00f6nlich | Nah | Nachhaltig","publisher":{"@id":"https:\/\/franznachhilfe.ch\/#organization"},"potentialAction":[{"@type":"SearchAction","target":{"@type":"EntryPoint","urlTemplate":"https:\/\/franznachhilfe.ch\/?s={search_term_string}"},"query-input":"required name=search_term_string"}],"inLanguage":"de-CH"},{"@type":"ImageObject","@id":"https:\/\/franznachhilfe.ch\/#primaryimage","inLanguage":"de-CH","url":"https:\/\/franznachhilfe.ch\/wp-content\/uploads\/2019\/08\/paris.jpg","contentUrl":"https:\/\/franznachhilfe.ch\/wp-content\/uploads\/2019\/08\/paris.jpg","width":860,"height":438,"caption":"small paris street with view on the famous paris eifel tower on a cloudy rainy day with some sunshine"},{"@type":"WebPage","@id":"https:\/\/franznachhilfe.ch\/#webpage","url":"https:\/\/franznachhilfe.ch\/","name":"Startseite - Nachhilfe Franz\u00f6sisch","isPartOf":{"@id":"https:\/\/franznachhilfe.ch\/#website"},"primaryImageOfPage":{"@id":"https:\/\/franznachhilfe.ch\/#primaryimage"},"datePublished":"2019-08-18T09:17:50+00:00","dateModified":"2019-10-08T08:30:18+00:00","breadcrumb":{"@id":"https:\/\/franznachhilfe.ch\/#breadcrumb"},"inLanguage":"de-CH","potentialAction":[{"@type":"ReadAction","target":["https:\/\/franznachhilfe.ch\/"]}]},{"@type":"BreadcrumbList","@id":"https:\/\/franznachhilfe.ch\/#breadcrumb","itemListElement":[{"@type":"ListItem","position":1,"name":"Home","item":"https:\/\/franznachhilfe.ch\/"},{"@type":"ListItem","position":2,"name":"Startseite"}]}]}},"_links":{"self":[{"href":"https:\/\/franznachhilfe.ch\/index.php\/wp-json\/wp\/v2\/pages\/26"}],"collection":[{"href":"https:\/\/franznachhilfe.ch\/index.php\/wp-json\/wp\/v2\/pages"}],"about":[{"href":"https:\/\/franznachhilfe.ch\/index.php\/wp-json\/wp\/v2\/types\/page"}],"author":[{"embeddable":true,"href":"https:\/\/franznachhilfe.ch\/index.php\/wp-json\/wp\/v2\/users\/1"}],"replies":[{"embeddable":true,"href":"https:\/\/franznachhilfe.ch\/index.php\/wp-json\/wp\/v2\/comments?post=26"}],"version-history":[{"count":8,"href":"https:\/\/franznachhilfe.ch\/index.php\/wp-json\/wp\/v2\/pages\/26\/revisions"}],"predecessor-version":[{"id":82,"href":"https:\/\/franznachhilfe.ch\/index.php\/wp-json\/wp\/v2\/pages\/26\/revisions\/82"}],"wp:featuredmedia":[{"embeddable":true,"href":"https:\/\/franznachhilfe.ch\/index.php\/wp-json\/wp\/v2\/media\/42"}],"wp:attachment":[{"href":"https:\/\/franznachhilfe.ch\/index.php\/wp-json\/wp\/v2\/media?parent=26"}],"curies":[{"name":"wp","href":"https:\/\/api.w.org\/{rel}","templated":true}]}}